{"id":677,"date":"2023-08-08T11:32:40","date_gmt":"2023-08-08T11:32:40","guid":{"rendered":"https:\/\/3d-development.com\/safecredit\/?page_id=677"},"modified":"2024-08-13T04:48:31","modified_gmt":"2024-08-13T04:48:31","slug":"servicios","status":"publish","type":"page","link":"https:\/\/3d-development.com\/safecredit\/es\/servicios\/","title":{"rendered":"Servicios"},"content":{"rendered":"<h4>Nuestros Servicios<\/h4>\n<h2>Safe Credit Solutions Servicios<\/h2>\n<p>Los clientes que enfrentan momentos dif\u00edciles con su puntaje crediticio pueden optar por un servicio de reparaci\u00f3n de cr\u00e9dito eficaz. Ofrecemos estos servicios de cr\u00e9dito para que los clientes con malos cr\u00e9ditos o deudas incobrables puedan manejar adecuadamente sus deudas y cr\u00e9dito. Te sorprender\u00e1 c\u00f3mo un buen puntaje crediticio te ayuda a mejorar tu situaci\u00f3n financiera y cambiar tu vida. Nuestros programas favorables de reparaci\u00f3n de cr\u00e9dito ofrecen varias opciones de servicios, desde c\u00f3mo administrar el pago de su tarjeta de cr\u00e9dito hasta establecer un nuevo rango de puntaje de calificaci\u00f3n crediticia favorable. Nuestros servicios le permiten trabajar en su presupuesto de manera realista, lo que le ayuda a preparar sus informes crediticios para diferentes situaciones financieras y le ayuda a comprender c\u00f3mo funciona el sistema de clasificaci\u00f3n crediticia.<\/p>\n<p>Si tiene problemas para manejar su deuda financiera o siente que tiene demasiados gastos para la cantidad de ingresos que recibe, nuestros servicios de orientaci\u00f3n crediticia pueden ser lo ideal para usted. Estos servicios de orientaci\u00f3n crediticia pueden ayudarlo a tomar el control de sus gastos y determinar una manera de salir de sus deudas financieras mientras mejora su clasificaci\u00f3n crediticia.<\/p>\n","protected":false},"excerpt":{"rendered":"<p>Nuestros Servicios Safe Credit Solutions Servicios Los clientes que enfrentan momentos dif\u00edciles con su puntaje crediticio pueden optar por un servicio de reparaci\u00f3n de cr\u00e9dito eficaz. Ofrecemos estos servicios de cr\u00e9dito para que los clientes con malos cr\u00e9ditos o deudas incobrables puedan manejar adecuadamente sus deudas y cr\u00e9dito. Te sorprender\u00e1 c\u00f3mo un buen puntaje crediticio&hellip; <a class=\"more-link\" href=\"https:\/\/3d-development.com\/safecredit\/es\/servicios\/\">Continue reading <span class=\"screen-reader-text\">Servicios<\/span><\/a><\/p>\n","protected":false},"author":1,"featured_media":0,"parent":0,"menu_order":0,"comment_status":"closed","ping_status":"closed","template":"template-parts\/service.php","meta":{"_acf_changed":false,"footnotes":""},"class_list":["post-677","page","type-page","status-publish","hentry","entry"],"acf":[],"_links":{"self":[{"href":"https:\/\/3d-development.com\/safecredit\/wp-json\/wp\/v2\/pages\/677","targetHints":{"allow":["GET"]}}],"collection":[{"href":"https:\/\/3d-development.com\/safecredit\/wp-json\/wp\/v2\/pages"}],"about":[{"href":"https:\/\/3d-development.com\/safecredit\/wp-json\/wp\/v2\/types\/page"}],"author":[{"embeddable":true,"href":"https:\/\/3d-development.com\/safecredit\/wp-json\/wp\/v2\/users\/1"}],"replies":[{"embeddable":true,"href":"https:\/\/3d-development.com\/safecredit\/wp-json\/wp\/v2\/comments?post=677"}],"version-history":[{"count":11,"href":"https:\/\/3d-development.com\/safecredit\/wp-json\/wp\/v2\/pages\/677\/revisions"}],"predecessor-version":[{"id":4487,"href":"https:\/\/3d-development.com\/safecredit\/wp-json\/wp\/v2\/pages\/677\/revisions\/4487"}],"wp:attachment":[{"href":"https:\/\/3d-development.com\/safecredit\/wp-json\/wp\/v2\/media?parent=677"}],"curies":[{"name":"wp","href":"https:\/\/api.w.org\/{rel}","templated":true}]}}