{"id":517,"date":"2023-07-14T12:44:20","date_gmt":"2023-07-14T12:44:20","guid":{"rendered":"https:\/\/3d-development.com\/safecredit\/?page_id=517"},"modified":"2024-08-13T05:15:59","modified_gmt":"2024-08-13T05:15:59","slug":"carrera","status":"publish","type":"page","link":"https:\/\/3d-development.com\/safecredit\/es\/carrera\/","title":{"rendered":"Carrera"},"content":{"rendered":"<p>\u00bfTe apasionan las ventas y el desaf\u00edo? En Safe Credit Solutions, estamos en constante b\u00fasqueda de individuos apasionados que deseen marcar la diferencia. \u00danete a nosotros y s\u00e9 parte nuestra familia SCS.<\/p>\n","protected":false},"excerpt":{"rendered":"<p>\u00bfTe apasionan las ventas y el desaf\u00edo? En Safe Credit Solutions, estamos en constante b\u00fasqueda de individuos apasionados que deseen marcar la diferencia. \u00danete a nosotros y s\u00e9 parte nuestra familia SCS.<\/p>\n","protected":false},"author":1,"featured_media":0,"parent":0,"menu_order":0,"comment_status":"closed","ping_status":"closed","template":"template-parts\/career.php","meta":{"_acf_changed":false,"footnotes":""},"class_list":["post-517","page","type-page","status-publish","hentry","entry"],"acf":[],"_links":{"self":[{"href":"https:\/\/3d-development.com\/safecredit\/wp-json\/wp\/v2\/pages\/517","targetHints":{"allow":["GET"]}}],"collection":[{"href":"https:\/\/3d-development.com\/safecredit\/wp-json\/wp\/v2\/pages"}],"about":[{"href":"https:\/\/3d-development.com\/safecredit\/wp-json\/wp\/v2\/types\/page"}],"author":[{"embeddable":true,"href":"https:\/\/3d-development.com\/safecredit\/wp-json\/wp\/v2\/users\/1"}],"replies":[{"embeddable":true,"href":"https:\/\/3d-development.com\/safecredit\/wp-json\/wp\/v2\/comments?post=517"}],"version-history":[{"count":34,"href":"https:\/\/3d-development.com\/safecredit\/wp-json\/wp\/v2\/pages\/517\/revisions"}],"predecessor-version":[{"id":4489,"href":"https:\/\/3d-development.com\/safecredit\/wp-json\/wp\/v2\/pages\/517\/revisions\/4489"}],"wp:attachment":[{"href":"https:\/\/3d-development.com\/safecredit\/wp-json\/wp\/v2\/media?parent=517"}],"curies":[{"name":"wp","href":"https:\/\/api.w.org\/{rel}","templated":true}]}}