{"id":2429,"date":"2023-10-11T13:29:35","date_gmt":"2023-10-11T13:29:35","guid":{"rendered":"https:\/\/3d-development.com\/safecredit\/?page_id=2429"},"modified":"2024-04-16T09:43:50","modified_gmt":"2024-04-16T09:43:50","slug":"terminos-y-condiciones","status":"publish","type":"page","link":"https:\/\/3d-development.com\/safecredit\/es\/terminos-y-condiciones\/","title":{"rendered":"T\u00e9rminos y condiciones"},"content":{"rendered":"<p><span style=\"color: #000000;\">Al acceder y\/o utilizar el sitio web safecreditsolutions.Com.\\ (el \u201csitio web\u201d) y\/o nuestro servicio (el \u201cservicio\u201d), usted acepta cumplir y estar obligado por los siguientes t\u00e9rminos y condiciones del acuerdo (los \u201c acuerdo\u201d).<br \/>\n<\/span><\/p>\n<h2><span style=\"color: #000000;\">POL\u00cdTICA DE PRIVACIDAD ACEPTADA<\/span><\/h2>\n<p>El Comprador acepta expresamente los t\u00e9rminos de la Pol\u00edtica de Privacidad del sitio web del Vendedor.<\/p>\n<h2><span style=\"color: #000000;  font-size: medium;\">T\u00c9RMINOS DE USO ACEPTADOS<\/span><\/h2>\n<p>El Comprador acepta expresamente los T\u00e9rminos de Uso del sitio web del Vendedor.<\/p>\n<h2><span style=\"color: #000000;  font-size: medium;\">DERECHO A PUBLICAR ENTREGAS<\/span><\/h2>\n<p>El Comprador acepta que el Vendedor puede publicar con fines comerciales el contenido total o parcial de cualquier comunicaci\u00f3n con el Comprador a su entera discreci\u00f3n.<\/p>\n<h2><span style=\"color: #000000; font-size: medium;\">INDEMNIZACI\u00d3N<\/span><\/h2>\n<p>El Comprador acepta indemnizar al Vendedor por todos y cada uno de los da\u00f1os que cause al utilizar el producto o la informaci\u00f3n contenida en este sitio web que resulten en una indemnizaci\u00f3n por da\u00f1os contra el Vendedor.<\/p>\n<h2><span style=\"color: #000000; font-size: medium;\">DERECHO A DEJAR DE VENDER O DAR SERVICIO AL PRODUCTO O MEMBRES\u00cdA<\/span><\/h2>\n<p>El Comprador acepta que el Vendedor tiene derecho a descontinuar el producto, el servicio o la membres\u00eda en cualquier momento sin previo aviso. El Comprador entiende que el Vendedor puede suspender el servicio al cliente de un producto o servicio en cualquier momento sin previo aviso.<\/p>\n<h2><span style=\"color: #000000; font-size: medium;\">NOTA PARA LOS RESIDENTES DE CALIFORNIA<\/span><\/h2>\n<p>Usted est\u00e1 celebrando un contrato que puede modificar, restringir o eliminar los derechos que pueda tener seg\u00fan la Ley de Protecci\u00f3n de la Privacidad en L\u00ednea de California de 2003 (OPPA). Seg\u00fan la Pol\u00edtica de Privacidad y este Acuerdo de Compra, usted renuncia a cualquier derecho de ver o modificar el contenido de nuestra base de datos. Usted renuncia a cualquier derecho de obligar a esta empresa o sitio web a divulgar cu\u00e1ndo o a qui\u00e9n se le pudo haber proporcionado su informaci\u00f3n a terceros. En caso de que el sitio web decida, a su entera discreci\u00f3n, revelarle informaci\u00f3n, usted debe identificarse claramente en el sitio web como el cliente designado que compr\u00f3 previamente en el sitio web. Hacemos esto para proteger la informaci\u00f3n que se proporciona inadvertidamente a clientes falsos que pueden tener intenciones de da\u00f1ar al cliente real. La informaci\u00f3n de identificaci\u00f3n requerida puede incluir informaci\u00f3n de tarjetas de cr\u00e9dito, n\u00fameros de seguro social, copias notariadas de una identificaci\u00f3n emitida por el estado u otra identificaci\u00f3n suficiente para permitir que nuestros abogados se sientan c\u00f3modos al revelar informaci\u00f3n, en caso de que decidamos divulgarla. Adem\u00e1s, este acuerdo de compra, como parte de la contraprestaci\u00f3n requerida para comprar en este sitio web, requiere que usted acepte utilizar la Asociaci\u00f3n Estadounidense de Arbitraje exclusivamente en cualquier reclamo que surja de los T\u00e9rminos de uso, la Pol\u00edtica de privacidad o el Acuerdo de compra, y no los tribunales. del estado de California. El cliente tambi\u00e9n acepta, como parte de la contraprestaci\u00f3n requerida, que se presume que cualquier causa de acci\u00f3n ha surgido en la ciudad y condado de esta empresa o sitio web, no en el estado de California, a menos que el sitio web est\u00e9 ubicado all\u00ed, y no en la jurisdicci\u00f3n donde reside el cliente.<\/p>\n<h2><span style=\"color: #000000;font-size: medium;\">ARBITRAJE<\/span><\/h2>\n<p>Como parte de la contraprestaci\u00f3n que exigen los Vendedores, el Comprador acepta utilizar un arbitraje vinculante para cualquier reclamo, disputa o controversia (\u201cRECLAMO\u201d) de cualquier tipo (ya sea por contrato, agravio o de otro modo) que surja de esta compra o est\u00e9 relacionada con ella. este producto, incluidos problemas de solicitud, problemas de privacidad y problemas de t\u00e9rminos de uso. El arbitraje se llevar\u00e1 a cabo de conformidad con las reglas de la Asociaci\u00f3n Estadounidense de Arbitraje que est\u00e9n vigentes en la fecha en que se presente una disputa a la Asociaci\u00f3n Estadounidense de Arbitraje. La informaci\u00f3n sobre la Asociaci\u00f3n Estadounidense de Arbitraje, sus reglas y sus formularios est\u00e1 disponible en la Asociaci\u00f3n Estadounidense de Arbitraje, 335 Madison Avenue, Piso 10, Nueva York, Nueva York, 10017-4605. La audiencia se llevar\u00e1 a cabo en la ciudad o condado del Vendedor. En ning\u00fan caso el Comprador tendr\u00e1 derecho a acudir a los tribunales o a tener un juicio con jurado. El comprador no tendr\u00e1 derecho a realizar pruebas previas al juicio, excepto seg\u00fan lo dispuesto en las reglas; no tendr\u00e1 derecho a participar como representante o miembro de ninguna clase de demandantes relacionados con ning\u00fan reclamo sujeto a arbitraje; La decisi\u00f3n del \u00e1rbitro ser\u00e1 definitiva y vinculante con derechos de apelaci\u00f3n limitados. La parte vencedora ser\u00e1 reembolsada por la otra parte por todos y cada uno de los costos asociados con el arbitraje de disputas, incluidos los honorarios de abogados, honorarios de cobro, honorarios de investigaci\u00f3n y gastos de viaje.<\/p>\n<h2><span style=\"color: #000000; font-size: medium;\">JURISDICCI\u00d3N Y LUGAR<\/span><\/h2>\n<p>Si alg\u00fan asunto relacionado con esta compra se lleva ante un tribunal de justicia, antes o despu\u00e9s del arbitraje, el Comprador acepta que la jurisdicci\u00f3n \u00fanica y adecuada ser\u00e1 el estado de Nueva York. En caso de que el litigio sea en un tribunal federal, el tribunal correspondiente ser\u00e1 el del estado de Nueva York.<\/p>\n<h2><span style=\"color: #000000; font-family: Century Gothic,serif; font-size: medium;\">LEY APLICABLE<\/span><\/h2>\n<p>Sin tener en cuenta la elecci\u00f3n de las disposiciones sobre conflictos de leyes de cualquier jurisdicci\u00f3n, cualquier disputa, acci\u00f3n o causa de acci\u00f3n que surja de o en conexi\u00f3n con este acuerdo o el servicio estar\u00e1 sujeta a la jurisdicci\u00f3n exclusiva de los tribunales federales y del Commonwealth de Nueva York. York.<\/p>\n<h2><span style=\"color: #000000;font-size: medium;\">AVISO<\/span><\/h2>\n<p>Por el presente, el Comprador acepta recibir Notificaciones de cambios, litigios, notificaciones de procesos, cancelaciones, terminaciones y modificaciones de servicios o productos en la direcci\u00f3n de correo electr\u00f3nico proporcionada al Vendedor en la p\u00e1gina de pedidos. Adem\u00e1s, el Comprador acepta que el derecho a comunicarse con el Comprador en relaci\u00f3n con el aviso legal no se rescindir\u00e1 por avisos de &#8220;cancelaci\u00f3n de suscripci\u00f3n&#8221; enviados previamente y acepta espec\u00edficamente que cualquier notificaci\u00f3n para cesar el contacto no ser\u00e1 vinculante para el Vendedor con respecto al Aviso de cambio, litigio o servicio. del Proceso, Cancelaci\u00f3n de Producto o Servicio o Membres\u00eda o Suscripci\u00f3n, Terminaci\u00f3n de un programa, producto o sitio web, o Modificaci\u00f3n de los t\u00e9rminos del servicio o producto. Adem\u00e1s, el Comprador otorga al Vendedor el derecho irrevocable de comunicarse con \u00e9l o ella por correo o por tel\u00e9fono con respecto a cualquiera de estos temas, independientemente de otros derechos que el Comprador tenga para cortar el contacto con el Vendedor.<\/p>\n<h2><span style=\"color: #000000; font-size: medium;\">COSTOS<\/span><\/h2>\n<p>La parte que prevalezca en cualquier arbitraje o litigio tendr\u00e1 derecho a cobrar los honorarios de los abogados y todos los dem\u00e1s costos del arbitraje o litigio, incluidos los honorarios de presentaci\u00f3n, los honorarios de investigaci\u00f3n, los honorarios de cobro y los gastos de viaje de la otra parte.<\/p>\n<h2><span style=\"color: #000000; font-size: medium;\">MODIFICACI\u00d3N<\/span><\/h2>\n<p>Este Acuerdo de Compra no puede modificarse de ninguna manera entre el Vendedor y este Comprador a menos que las modificaciones se realicen por escrito y firmadas por ambas partes. Sin embargo, el Vendedor puede modificar este Acuerdo de Compra en cualquier momento para otros Compradores sin previo aviso al Comprador actual.<\/p>\n<h2><span style=\"color: #000000; font-size: medium;\">EXPONIBILIDAD DE LAS DISPOSICIONES<\/span><\/h2>\n<p>En el caso de que algunas disposiciones, t\u00e9rminos y condiciones del Acuerdo de Compra se consideren inv\u00e1lidas o inaplicables, prevalecer\u00e1 el resto de las disposiciones que sean ejecutables. Adem\u00e1s, el Comprador y el Vendedor acuerdan que, si se determina que alguna disposici\u00f3n es inv\u00e1lida o inaplicable, el panel de arbitraje interpretar\u00e1 dicha disposici\u00f3n en la m\u00e1xima medida en que pueda considerarse v\u00e1lida o ejecutable.<\/p>\n<h2><span style=\"color: #000000;font-size: medium;\">RENUNCIA DE INCUMPLIMIENTO<\/span><\/h2>\n<p>La renuncia por parte del Vendedor (incapacidad de hacer cumplir) cualquier t\u00e9rmino de este acuerdo no se interpretar\u00e1 como una modificaci\u00f3n o enmienda de este acuerdo ni constituir\u00e1 una renuncia a otros incumplimientos.<\/p>\n<h2><span style=\"color: #000000;font-size: medium;\">INFORMACI\u00d3N DE CONTACTO DEL VENDEDOR<\/span><\/h2>\n<p>El vendedor de este producto es: SafeCreditSolutions.com 633 NE 167th St. Ste 600, North Miami Beach, FL 33162. ACEPTACI\u00d3N FINAL. Al tomar el paso afirmativo de comprar un producto, servicio o membres\u00eda, usted, el Comprador, da fe de que ha le\u00eddo, comprendido y aceptado completamente los t\u00e9rminos de este contrato de Acuerdo de compra, y garantiza al Vendedor que dicha aceptaci\u00f3n digital afirmativa se considerar\u00e1 igual que si hubiera puesto su firma en este contrato de Acuerdo de Compra. DERECHOS DE AUTOR \u00a9 2013 SafeCreditSolutions.com. RESERVADOS TODOS LOS DERECHOS.<\/p>\n","protected":false},"excerpt":{"rendered":"<p>Al acceder y\/o utilizar el sitio web safecreditsolutions.Com.\\ (el \u201csitio web\u201d) y\/o nuestro servicio (el \u201cservicio\u201d), usted acepta cumplir y estar obligado por los siguientes t\u00e9rminos y condiciones del acuerdo (los \u201c acuerdo\u201d). POL\u00cdTICA DE PRIVACIDAD ACEPTADA El Comprador acepta expresamente los t\u00e9rminos de la Pol\u00edtica de Privacidad del sitio web del Vendedor. T\u00c9RMINOS DE&hellip; <a class=\"more-link\" href=\"https:\/\/3d-development.com\/safecredit\/es\/terminos-y-condiciones\/\">Continue reading <span class=\"screen-reader-text\">T\u00e9rminos y condiciones<\/span><\/a><\/p>\n","protected":false},"author":1,"featured_media":0,"parent":0,"menu_order":0,"comment_status":"open","ping_status":"closed","template":"template-parts\/inner.php","meta":{"_acf_changed":false,"footnotes":""},"class_list":["post-2429","page","type-page","status-publish","hentry","entry"],"acf":[],"_links":{"self":[{"href":"https:\/\/3d-development.com\/safecredit\/wp-json\/wp\/v2\/pages\/2429","targetHints":{"allow":["GET"]}}],"collection":[{"href":"https:\/\/3d-development.com\/safecredit\/wp-json\/wp\/v2\/pages"}],"about":[{"href":"https:\/\/3d-development.com\/safecredit\/wp-json\/wp\/v2\/types\/page"}],"author":[{"embeddable":true,"href":"https:\/\/3d-development.com\/safecredit\/wp-json\/wp\/v2\/users\/1"}],"replies":[{"embeddable":true,"href":"https:\/\/3d-development.com\/safecredit\/wp-json\/wp\/v2\/comments?post=2429"}],"version-history":[{"count":12,"href":"https:\/\/3d-development.com\/safecredit\/wp-json\/wp\/v2\/pages\/2429\/revisions"}],"predecessor-version":[{"id":4375,"href":"https:\/\/3d-development.com\/safecredit\/wp-json\/wp\/v2\/pages\/2429\/revisions\/4375"}],"wp:attachment":[{"href":"https:\/\/3d-development.com\/safecredit\/wp-json\/wp\/v2\/media?parent=2429"}],"curies":[{"name":"wp","href":"https:\/\/api.w.org\/{rel}","templated":true}]}}