{"id":2419,"date":"2023-10-09T10:33:17","date_gmt":"2023-10-09T10:33:17","guid":{"rendered":"https:\/\/3d-development.com\/safecredit\/?page_id=2419"},"modified":"2024-08-16T08:56:05","modified_gmt":"2024-08-16T08:56:05","slug":"sobre-nosotros","status":"publish","type":"page","link":"https:\/\/3d-development.com\/safecredit\/es\/sobre-nosotros\/","title":{"rendered":"sobre nosotros"},"content":{"rendered":"<h2>Sobre nosotros:<\/h2>\n<p>Safe Credit Solutions es una empresa de Reparaci\u00f3n y restauraci\u00f3n de Cr\u00e9dito, comprometida a ayudar a nuestros clientes a mejorar su calificaci\u00f3n crediticia. Nuestros expertos en cr\u00e9dito se esfuerzan diligentemente por mejorar los informes crediticios de numerosas familias e individuos, restaurando su cr\u00e9dito de manera \u00e9tica y profesional, brindamos asesoramiento durante y despu\u00e9s del proceso para ayudarte a gestionar adecuadamente tus cuentas en el reporte de cr\u00e9dito. Nos regimos por la ley FCRA (Ley federal del informe del cr\u00e9dito justo) para garantizar la excelencia en nuestros servicios. Adem\u00e1s, estamos registrados en la organizaci\u00f3n NACSO (National Association of Credit Repair) para respaldar nuestra dedicaci\u00f3n a la calidad y profesionalismo en cada paso del camino.<\/p>\n<p>Cuando te percatas de que tu puntaje de cr\u00e9dito es insatisfactorio o desfavorable, es esencial que adoptes medidas adicionales para rectificar la situaci\u00f3n. No obstante, poner esto en pr\u00e1ctica resulta ser un desaf\u00edo m\u00e1s complejo de lo que parece. Muchas personas desconocen la totalidad de los impactos en su historial crediticio y cu\u00e1les son las acciones espec\u00edficas que deben emprender para mejorar su puntaje. Para quienes se encuentran en esta situaci\u00f3n, contamos con m\u00e1s de 14 a\u00f1os de experiencia ofreciendo y brindando nuestros servicios de reparaci\u00f3n y restauraci\u00f3n de cr\u00e9dito a nuestras familias latinas establecidas aqu\u00ed en los Estados Unidos. \u00a1No dudes en ponerte en contacto con nosotros de inmediato!<\/p>\n","protected":false},"excerpt":{"rendered":"<p>Sobre nosotros: Safe Credit Solutions es una empresa de Reparaci\u00f3n y restauraci\u00f3n de Cr\u00e9dito, comprometida a ayudar a nuestros clientes a mejorar su calificaci\u00f3n crediticia. Nuestros expertos en cr\u00e9dito se esfuerzan diligentemente por mejorar los informes crediticios de numerosas familias e individuos, restaurando su cr\u00e9dito de manera \u00e9tica y profesional, brindamos asesoramiento durante y despu\u00e9s&hellip; <a class=\"more-link\" href=\"https:\/\/3d-development.com\/safecredit\/es\/sobre-nosotros\/\">Continue reading <span class=\"screen-reader-text\">sobre nosotros<\/span><\/a><\/p>\n","protected":false},"author":1,"featured_media":180,"parent":0,"menu_order":0,"comment_status":"closed","ping_status":"closed","template":"template-parts\/about.php","meta":{"_acf_changed":false,"footnotes":""},"class_list":["post-2419","page","type-page","status-publish","has-post-thumbnail","hentry","entry"],"acf":[],"_links":{"self":[{"href":"https:\/\/3d-development.com\/safecredit\/wp-json\/wp\/v2\/pages\/2419","targetHints":{"allow":["GET"]}}],"collection":[{"href":"https:\/\/3d-development.com\/safecredit\/wp-json\/wp\/v2\/pages"}],"about":[{"href":"https:\/\/3d-development.com\/safecredit\/wp-json\/wp\/v2\/types\/page"}],"author":[{"embeddable":true,"href":"https:\/\/3d-development.com\/safecredit\/wp-json\/wp\/v2\/users\/1"}],"replies":[{"embeddable":true,"href":"https:\/\/3d-development.com\/safecredit\/wp-json\/wp\/v2\/comments?post=2419"}],"version-history":[{"count":27,"href":"https:\/\/3d-development.com\/safecredit\/wp-json\/wp\/v2\/pages\/2419\/revisions"}],"predecessor-version":[{"id":4587,"href":"https:\/\/3d-development.com\/safecredit\/wp-json\/wp\/v2\/pages\/2419\/revisions\/4587"}],"wp:featuredmedia":[{"embeddable":true,"href":"https:\/\/3d-development.com\/safecredit\/wp-json\/wp\/v2\/media\/180"}],"wp:attachment":[{"href":"https:\/\/3d-development.com\/safecredit\/wp-json\/wp\/v2\/media?parent=2419"}],"curies":[{"name":"wp","href":"https:\/\/api.w.org\/{rel}","templated":true}]}}